{"id":235,"date":"2023-05-25T13:39:04","date_gmt":"2023-05-25T11:39:04","guid":{"rendered":"https:\/\/jch-coutelier.com\/?page_id=235"},"modified":"2023-08-28T17:10:58","modified_gmt":"2023-08-28T15:10:58","slug":"londoyant","status":"publish","type":"page","link":"https:\/\/jch-coutelier.com\/index.php\/londoyant\/","title":{"rendered":"L&rsquo;Ondoyant"},"content":{"rendered":"\t\t<div data-elementor-type=\"wp-page\" data-elementor-id=\"235\" class=\"elementor elementor-235\" data-elementor-post-type=\"page\">\n\t\t\t\t\t\t<section class=\"elementor-section elementor-top-section elementor-element elementor-element-c823b5a elementor-section-full_width elementor-section-height-min-height elementor-section-height-default elementor-section-items-middle exad-glass-effect-no exad-sticky-section-no\" data-id=\"c823b5a\" data-element_type=\"section\" data-e-type=\"section\">\n\t\t\t\t\t\t<div class=\"elementor-container elementor-column-gap-wide\">\n\t\t\t\t\t<div class=\"elementor-column elementor-col-100 elementor-top-column elementor-element elementor-element-17727bd exad-glass-effect-no exad-sticky-section-no\" data-id=\"17727bd\" data-element_type=\"column\" data-e-type=\"column\">\n\t\t\t<div class=\"elementor-widget-wrap elementor-element-populated\">\n\t\t\t\t\t\t<div class=\"elementor-element elementor-element-2773d46 exad-sticky-section-no exad-glass-effect-no elementor-widget elementor-widget-spacer\" data-id=\"2773d46\" data-element_type=\"widget\" data-e-type=\"widget\" data-widget_type=\"spacer.default\">\n\t\t\t\t<div class=\"elementor-widget-container\">\n\t\t\t\t\t\t\t<div class=\"elementor-spacer\">\n\t\t\t<div class=\"elementor-spacer-inner\"><\/div>\n\t\t<\/div>\n\t\t\t\t\t\t<\/div>\n\t\t\t\t<\/div>\n\t\t\t\t<div class=\"elementor-element elementor-element-659bbe6 elementor-widget__width-initial exad-sticky-section-no exad-glass-effect-no elementor-invisible elementor-widget elementor-widget-heading\" data-id=\"659bbe6\" data-element_type=\"widget\" data-e-type=\"widget\" data-settings=\"{&quot;_animation&quot;:&quot;fadeIn&quot;}\" data-widget_type=\"heading.default\">\n\t\t\t\t<div class=\"elementor-widget-container\">\n\t\t\t\t\t<h1 class=\"elementor-heading-title elementor-size-default\">L'Ondoyant<\/h1>\t\t\t\t<\/div>\n\t\t\t\t<\/div>\n\t\t\t\t<div class=\"elementor-element elementor-element-c40f9aa exad-sticky-section-no exad-glass-effect-no elementor-widget elementor-widget-spacer\" data-id=\"c40f9aa\" data-element_type=\"widget\" data-e-type=\"widget\" data-widget_type=\"spacer.default\">\n\t\t\t\t<div class=\"elementor-widget-container\">\n\t\t\t\t\t\t\t<div class=\"elementor-spacer\">\n\t\t\t<div class=\"elementor-spacer-inner\"><\/div>\n\t\t<\/div>\n\t\t\t\t\t\t<\/div>\n\t\t\t\t<\/div>\n\t\t\t\t<div class=\"elementor-element elementor-element-bfa75f1 exad-sticky-section-no exad-glass-effect-no elementor-widget elementor-widget-text-editor\" data-id=\"bfa75f1\" data-element_type=\"widget\" data-e-type=\"widget\" data-settings=\"{&quot;_animation&quot;:&quot;none&quot;}\" data-widget_type=\"text-editor.default\">\n\t\t\t\t<div class=\"elementor-widget-container\">\n\t\t\t\t\t\t\t\t\t<p><span style=\"font-weight: 400;\">Ligne peu commune et ondoyante qui se pr\u00eatera \u00e0 toutes les finitions que vous voudrez lui donner<\/span><\/p>\t\t\t\t\t\t\t\t<\/div>\n\t\t\t\t<\/div>\n\t\t\t\t<div class=\"elementor-element elementor-element-f56a17c exad-sticky-section-no exad-glass-effect-no elementor-widget elementor-widget-text-editor\" data-id=\"f56a17c\" data-element_type=\"widget\" data-e-type=\"widget\" data-settings=\"{&quot;_animation&quot;:&quot;none&quot;}\" data-widget_type=\"text-editor.default\">\n\t\t\t\t<div class=\"elementor-widget-container\">\n\t\t\t\t\t\t\t\t\t<p><span style=\"font-weight: 400;\">D\u00e9couvrez une coutellerie artisanale et plongez dans un univers <\/span><span style=\"font-weight: 400;\"><br \/><\/span><span style=\"font-weight: 400;\">o\u00f9 tradition, savoir-faire et passion se m\u00ealent pour donner naissance \u00e0 des couteaux d\u2019exception.\u00a0<\/span><\/p><p><span style=\"font-weight: 400;\">Ils apporteront \u00e0 vos tables une note innovante, une esth\u00e9tique personnalis\u00e9e et ils s&rsquo;accordent avec l\u2019esprit et l\u2019ambiance de votre \u00e9tablissement, de votre int\u00e9rieur ou r\u00e9pondront tout simplement \u00e0 votre envie\u00a0<\/span><\/p>\t\t\t\t\t\t\t\t<\/div>\n\t\t\t\t<\/div>\n\t\t\t\t<div class=\"elementor-element elementor-element-9c96a77 exad-sticky-section-no exad-glass-effect-no elementor-widget elementor-widget-spacer\" data-id=\"9c96a77\" data-element_type=\"widget\" data-e-type=\"widget\" data-widget_type=\"spacer.default\">\n\t\t\t\t<div class=\"elementor-widget-container\">\n\t\t\t\t\t\t\t<div class=\"elementor-spacer\">\n\t\t\t<div class=\"elementor-spacer-inner\"><\/div>\n\t\t<\/div>\n\t\t\t\t\t\t<\/div>\n\t\t\t\t<\/div>\n\t\t\t\t\t<\/div>\n\t\t<\/div>\n\t\t\t\t\t<\/div>\n\t\t<\/section>\n\t\t\t\t<section class=\"elementor-section elementor-top-section elementor-element elementor-element-8d6d0d4 elementor-section-full_width elementor-section-height-min-height elementor-section-items-stretch elementor-reverse-tablet elementor-reverse-mobile elementor-section-height-default exad-glass-effect-no exad-sticky-section-no\" data-id=\"8d6d0d4\" data-element_type=\"section\" data-e-type=\"section\" data-settings=\"{&quot;background_background&quot;:&quot;classic&quot;}\">\n\t\t\t\t\t\t<div class=\"elementor-container elementor-column-gap-default\">\n\t\t\t\t\t<div class=\"elementor-column elementor-col-100 elementor-top-column elementor-element elementor-element-1f720cb exad-glass-effect-no exad-sticky-section-no\" data-id=\"1f720cb\" data-element_type=\"column\" data-e-type=\"column\" data-settings=\"{&quot;background_background&quot;:&quot;classic&quot;}\">\n\t\t\t<div class=\"elementor-widget-wrap\">\n\t\t\t\t\t\t\t<\/div>\n\t\t<\/div>\n\t\t\t\t\t<\/div>\n\t\t<\/section>\n\t\t\t\t<section class=\"elementor-section elementor-top-section elementor-element elementor-element-a1616ff elementor-section-boxed elementor-section-height-default elementor-section-height-default exad-glass-effect-no exad-sticky-section-no\" data-id=\"a1616ff\" data-element_type=\"section\" data-e-type=\"section\" data-settings=\"{&quot;background_background&quot;:&quot;classic&quot;}\">\n\t\t\t\t\t\t<div class=\"elementor-container elementor-column-gap-wide\">\n\t\t\t\t\t<div class=\"elementor-column elementor-col-100 elementor-top-column elementor-element elementor-element-56eadd9 exad-glass-effect-no exad-sticky-section-no\" data-id=\"56eadd9\" data-element_type=\"column\" data-e-type=\"column\" data-settings=\"{&quot;background_background&quot;:&quot;classic&quot;}\">\n\t\t\t<div class=\"elementor-widget-wrap elementor-element-populated\">\n\t\t\t\t\t\t<div class=\"elementor-element elementor-element-1f5433a exad-sticky-section-no exad-glass-effect-no elementor-widget elementor-widget-heading\" data-id=\"1f5433a\" data-element_type=\"widget\" data-e-type=\"widget\" data-widget_type=\"heading.default\">\n\t\t\t\t<div class=\"elementor-widget-container\">\n\t\t\t\t\t<h2 class=\"elementor-heading-title elementor-size-default\">Madras (issu de chutes d\u2019une couturi\u00e8re de Rivi\u00e8re sal\u00e9e, Martinique avec qui je suis en contact) <\/h2>\t\t\t\t<\/div>\n\t\t\t\t<\/div>\n\t\t\t\t\t<\/div>\n\t\t<\/div>\n\t\t\t\t\t<\/div>\n\t\t<\/section>\n\t\t\t\t<section class=\"elementor-section elementor-top-section elementor-element elementor-element-98fced9 elementor-section-full_width elementor-section-height-min-height elementor-section-items-stretch elementor-reverse-tablet elementor-reverse-mobile elementor-section-height-default exad-glass-effect-no exad-sticky-section-no\" data-id=\"98fced9\" data-element_type=\"section\" data-e-type=\"section\" data-settings=\"{&quot;background_background&quot;:&quot;classic&quot;}\">\n\t\t\t\t\t\t<div class=\"elementor-container elementor-column-gap-default\">\n\t\t\t\t\t<div class=\"elementor-column elementor-col-100 elementor-top-column elementor-element elementor-element-193a066 exad-glass-effect-no exad-sticky-section-no\" data-id=\"193a066\" data-element_type=\"column\" data-e-type=\"column\" data-settings=\"{&quot;background_background&quot;:&quot;classic&quot;}\">\n\t\t\t<div class=\"elementor-widget-wrap elementor-element-populated\">\n\t\t\t\t\t\t<div class=\"elementor-element elementor-element-ff13f06 exad-sticky-section-no exad-glass-effect-no elementor-widget elementor-widget-spacer\" data-id=\"ff13f06\" data-element_type=\"widget\" data-e-type=\"widget\" data-widget_type=\"spacer.default\">\n\t\t\t\t<div class=\"elementor-widget-container\">\n\t\t\t\t\t\t\t<div class=\"elementor-spacer\">\n\t\t\t<div class=\"elementor-spacer-inner\"><\/div>\n\t\t<\/div>\n\t\t\t\t\t\t<\/div>\n\t\t\t\t<\/div>\n\t\t\t\t\t<\/div>\n\t\t<\/div>\n\t\t\t\t\t<\/div>\n\t\t<\/section>\n\t\t\t\t<section class=\"elementor-section elementor-top-section elementor-element elementor-element-9c4b94e elementor-section-full_width elementor-section-height-default elementor-section-height-default exad-glass-effect-no exad-sticky-section-no\" data-id=\"9c4b94e\" data-element_type=\"section\" data-e-type=\"section\" data-settings=\"{&quot;background_background&quot;:&quot;classic&quot;}\">\n\t\t\t\t\t\t<div class=\"elementor-container elementor-column-gap-wide\">\n\t\t\t\t\t<div class=\"elementor-column elementor-col-100 elementor-top-column elementor-element elementor-element-e706b56 exad-glass-effect-no exad-sticky-section-no\" data-id=\"e706b56\" data-element_type=\"column\" data-e-type=\"column\" data-settings=\"{&quot;background_background&quot;:&quot;classic&quot;}\">\n\t\t\t<div class=\"elementor-widget-wrap elementor-element-populated\">\n\t\t\t\t\t\t<div class=\"elementor-element elementor-element-24d76d0 exad-sticky-section-no exad-glass-effect-no elementor-widget elementor-widget-text-editor\" data-id=\"24d76d0\" data-element_type=\"widget\" data-e-type=\"widget\" data-widget_type=\"text-editor.default\">\n\t\t\t\t<div class=\"elementor-widget-container\">\n\t\t\t\t\t\t\t\t\t<p><span style=\"font-weight: 400;\">Tissu de nappage<a href=\"https:\/\/www.garnier-thiebaut.fr\/?gclid=CjwKCAjw44mlBhAQEiwAqP3eVtIxuqH5TAtFqPpgV1PcbQx2tQHxnYdPZN1u1fnipJ55OrEphWs_ABoCDXsQAvD_BwE\"> Garnier Thiebaut<\/a> (Entreprise du Patrimoine Vivant avec qui je suis partenaire au titre de la revalorisation de leurs d\u00e9chets)<\/span><\/p>\t\t\t\t\t\t\t\t<\/div>\n\t\t\t\t<\/div>\n\t\t\t\t\t<\/div>\n\t\t<\/div>\n\t\t\t\t\t<\/div>\n\t\t<\/section>\n\t\t\t\t<section class=\"elementor-section elementor-top-section elementor-element elementor-element-8d9be16 elementor-section-boxed elementor-section-height-default elementor-section-height-default exad-glass-effect-no exad-sticky-section-no\" data-id=\"8d9be16\" data-element_type=\"section\" data-e-type=\"section\">\n\t\t\t\t\t\t<div class=\"elementor-container elementor-column-gap-default\">\n\t\t\t\t\t<div class=\"elementor-column elementor-col-100 elementor-top-column elementor-element elementor-element-d4af411 exad-glass-effect-no exad-sticky-section-no\" data-id=\"d4af411\" data-element_type=\"column\" data-e-type=\"column\">\n\t\t\t<div class=\"elementor-widget-wrap elementor-element-populated\">\n\t\t\t\t\t\t<div class=\"elementor-element elementor-element-735972d exad-sticky-section-no exad-glass-effect-no elementor-widget elementor-widget-spacer\" data-id=\"735972d\" data-element_type=\"widget\" data-e-type=\"widget\" data-widget_type=\"spacer.default\">\n\t\t\t\t<div class=\"elementor-widget-container\">\n\t\t\t\t\t\t\t<div class=\"elementor-spacer\">\n\t\t\t<div class=\"elementor-spacer-inner\"><\/div>\n\t\t<\/div>\n\t\t\t\t\t\t<\/div>\n\t\t\t\t<\/div>\n\t\t\t\t<div class=\"elementor-element elementor-element-23a2259 elementor-align-center exad-sticky-section-no exad-glass-effect-no elementor-widget elementor-widget-button\" data-id=\"23a2259\" data-element_type=\"widget\" data-e-type=\"widget\" data-widget_type=\"button.default\">\n\t\t\t\t<div class=\"elementor-widget-container\">\n\t\t\t\t\t\t\t\t\t<div class=\"elementor-button-wrapper\">\n\t\t\t\t\t<a class=\"elementor-button elementor-button-link elementor-size-sm\" href=\"https:\/\/jch-coutelier.com\/index.php\/couteaux-de-cuisine-haut-de-gamme\/\">\n\t\t\t\t\t\t<span class=\"elementor-button-content-wrapper\">\n\t\t\t\t\t\t\t\t\t<span class=\"elementor-button-text\">Retourner \u00e0 la gamme <\/span>\n\t\t\t\t\t<\/span>\n\t\t\t\t\t<\/a>\n\t\t\t\t<\/div>\n\t\t\t\t\t\t\t\t<\/div>\n\t\t\t\t<\/div>\n\t\t\t\t\t<\/div>\n\t\t<\/div>\n\t\t\t\t\t<\/div>\n\t\t<\/section>\n\t\t\t\t<section class=\"elementor-section elementor-top-section elementor-element elementor-element-5033be9 elementor-section-boxed elementor-section-height-default elementor-section-height-default exad-glass-effect-no exad-sticky-section-no\" data-id=\"5033be9\" data-element_type=\"section\" data-e-type=\"section\">\n\t\t\t\t\t\t<div class=\"elementor-container elementor-column-gap-default\">\n\t\t\t\t\t<div class=\"elementor-column elementor-col-100 elementor-top-column elementor-element elementor-element-9980729 exad-glass-effect-no exad-sticky-section-no\" data-id=\"9980729\" data-element_type=\"column\" data-e-type=\"column\">\n\t\t\t<div class=\"elementor-widget-wrap elementor-element-populated\">\n\t\t\t\t\t\t<div class=\"elementor-element elementor-element-15f9235 exad-sticky-section-no exad-glass-effect-no elementor-widget elementor-widget-spacer\" data-id=\"15f9235\" data-element_type=\"widget\" data-e-type=\"widget\" data-widget_type=\"spacer.default\">\n\t\t\t\t<div class=\"elementor-widget-container\">\n\t\t\t\t\t\t\t<div class=\"elementor-spacer\">\n\t\t\t<div class=\"elementor-spacer-inner\"><\/div>\n\t\t<\/div>\n\t\t\t\t\t\t<\/div>\n\t\t\t\t<\/div>\n\t\t\t\t\t<\/div>\n\t\t<\/div>\n\t\t\t\t\t<\/div>\n\t\t<\/section>\n\t\t\t\t<\/div>\n\t\t","protected":false},"excerpt":{"rendered":"<p>L&rsquo;Ondoyant Ligne peu commune et ondoyante qui se pr\u00eatera \u00e0 toutes les finitions que vous voudrez lui donner D\u00e9couvrez une coutellerie artisanale et plongez dans un univers o\u00f9 tradition, savoir-faire et passion se m\u00ealent pour donner naissance \u00e0 des couteaux d\u2019exception.\u00a0 Ils apporteront \u00e0 vos tables une note innovante, une esth\u00e9tique personnalis\u00e9e et ils s&rsquo;accordent [&hellip;]<\/p>\n","protected":false},"author":2,"featured_media":0,"parent":0,"menu_order":0,"comment_status":"closed","ping_status":"closed","template":"","meta":{"om_disable_all_campaigns":false,"_monsterinsights_skip_tracking":false,"_monsterinsights_sitenote_active":false,"_monsterinsights_sitenote_note":"","_monsterinsights_sitenote_category":0,"_uf_show_specific_survey":0,"_uf_disable_surveys":false,"footnotes":""},"class_list":["post-235","page","type-page","status-publish","hentry"],"yoast_head":"<!-- This site is optimized with the Yoast SEO plugin v27.4 - https:\/\/yoast.com\/product\/yoast-seo-wordpress\/ -->\n<title>L&#039;Ondoyant - Jean-Claude Hajdas<\/title>\n<meta name=\"robots\" content=\"index, follow, max-snippet:-1, max-image-preview:large, max-video-preview:-1\" \/>\n<link rel=\"canonical\" href=\"https:\/\/jch-coutelier.com\/index.php\/londoyant\/\" \/>\n<meta property=\"og:locale\" content=\"fr_FR\" \/>\n<meta property=\"og:type\" content=\"article\" \/>\n<meta property=\"og:title\" content=\"L&#039;Ondoyant - Jean-Claude Hajdas\" \/>\n<meta property=\"og:description\" content=\"L&rsquo;Ondoyant Ligne peu commune et ondoyante qui se pr\u00eatera \u00e0 toutes les finitions que vous voudrez lui donner D\u00e9couvrez une coutellerie artisanale et plongez dans un univers o\u00f9 tradition, savoir-faire et passion se m\u00ealent pour donner naissance \u00e0 des couteaux d\u2019exception.\u00a0 Ils apporteront \u00e0 vos tables une note innovante, une esth\u00e9tique personnalis\u00e9e et ils s&rsquo;accordent [&hellip;]\" \/>\n<meta property=\"og:url\" content=\"https:\/\/jch-coutelier.com\/index.php\/londoyant\/\" \/>\n<meta property=\"og:site_name\" content=\"Jean-Claude Hajdas\" \/>\n<meta property=\"article:modified_time\" content=\"2023-08-28T15:10:58+00:00\" \/>\n<meta name=\"twitter:card\" content=\"summary_large_image\" \/>\n<meta name=\"twitter:label1\" content=\"Dur\u00e9e de lecture estim\u00e9e\" \/>\n\t<meta name=\"twitter:data1\" content=\"1 minute\" \/>\n<script type=\"application\/ld+json\" class=\"yoast-schema-graph\">{\"@context\":\"https:\\\/\\\/schema.org\",\"@graph\":[{\"@type\":\"WebPage\",\"@id\":\"https:\\\/\\\/jch-coutelier.com\\\/index.php\\\/londoyant\\\/\",\"url\":\"https:\\\/\\\/jch-coutelier.com\\\/index.php\\\/londoyant\\\/\",\"name\":\"L'Ondoyant - Jean-Claude Hajdas\",\"isPartOf\":{\"@id\":\"https:\\\/\\\/jch-coutelier.com\\\/#website\"},\"datePublished\":\"2023-05-25T11:39:04+00:00\",\"dateModified\":\"2023-08-28T15:10:58+00:00\",\"breadcrumb\":{\"@id\":\"https:\\\/\\\/jch-coutelier.com\\\/index.php\\\/londoyant\\\/#breadcrumb\"},\"inLanguage\":\"fr-FR\",\"potentialAction\":[{\"@type\":\"ReadAction\",\"target\":[\"https:\\\/\\\/jch-coutelier.com\\\/index.php\\\/londoyant\\\/\"]}]},{\"@type\":\"BreadcrumbList\",\"@id\":\"https:\\\/\\\/jch-coutelier.com\\\/index.php\\\/londoyant\\\/#breadcrumb\",\"itemListElement\":[{\"@type\":\"ListItem\",\"position\":1,\"name\":\"Accueil\",\"item\":\"https:\\\/\\\/jch-coutelier.com\\\/\"},{\"@type\":\"ListItem\",\"position\":2,\"name\":\"L&#8217;Ondoyant\"}]},{\"@type\":\"WebSite\",\"@id\":\"https:\\\/\\\/jch-coutelier.com\\\/#website\",\"url\":\"https:\\\/\\\/jch-coutelier.com\\\/\",\"name\":\"Jean-Claude Hajdas\",\"description\":\"\",\"publisher\":{\"@id\":\"https:\\\/\\\/jch-coutelier.com\\\/#organization\"},\"potentialAction\":[{\"@type\":\"SearchAction\",\"target\":{\"@type\":\"EntryPoint\",\"urlTemplate\":\"https:\\\/\\\/jch-coutelier.com\\\/?s={search_term_string}\"},\"query-input\":{\"@type\":\"PropertyValueSpecification\",\"valueRequired\":true,\"valueName\":\"search_term_string\"}}],\"inLanguage\":\"fr-FR\"},{\"@type\":\"Organization\",\"@id\":\"https:\\\/\\\/jch-coutelier.com\\\/#organization\",\"name\":\"Jean-Claude Hajdas\",\"url\":\"https:\\\/\\\/jch-coutelier.com\\\/\",\"logo\":{\"@type\":\"ImageObject\",\"inLanguage\":\"fr-FR\",\"@id\":\"https:\\\/\\\/jch-coutelier.com\\\/#\\\/schema\\\/logo\\\/image\\\/\",\"url\":\"https:\\\/\\\/i0.wp.com\\\/jch-coutelier.com\\\/wp-content\\\/uploads\\\/2023\\\/05\\\/cropped-JCH_Metal.png?fit=2997%2C2297&ssl=1\",\"contentUrl\":\"https:\\\/\\\/i0.wp.com\\\/jch-coutelier.com\\\/wp-content\\\/uploads\\\/2023\\\/05\\\/cropped-JCH_Metal.png?fit=2997%2C2297&ssl=1\",\"width\":2997,\"height\":2297,\"caption\":\"Jean-Claude Hajdas\"},\"image\":{\"@id\":\"https:\\\/\\\/jch-coutelier.com\\\/#\\\/schema\\\/logo\\\/image\\\/\"}}]}<\/script>\n<!-- \/ Yoast SEO plugin. -->","yoast_head_json":{"title":"L'Ondoyant - Jean-Claude Hajdas","robots":{"index":"index","follow":"follow","max-snippet":"max-snippet:-1","max-image-preview":"max-image-preview:large","max-video-preview":"max-video-preview:-1"},"canonical":"https:\/\/jch-coutelier.com\/index.php\/londoyant\/","og_locale":"fr_FR","og_type":"article","og_title":"L'Ondoyant - Jean-Claude Hajdas","og_description":"L&rsquo;Ondoyant Ligne peu commune et ondoyante qui se pr\u00eatera \u00e0 toutes les finitions que vous voudrez lui donner D\u00e9couvrez une coutellerie artisanale et plongez dans un univers o\u00f9 tradition, savoir-faire et passion se m\u00ealent pour donner naissance \u00e0 des couteaux d\u2019exception.\u00a0 Ils apporteront \u00e0 vos tables une note innovante, une esth\u00e9tique personnalis\u00e9e et ils s&rsquo;accordent [&hellip;]","og_url":"https:\/\/jch-coutelier.com\/index.php\/londoyant\/","og_site_name":"Jean-Claude Hajdas","article_modified_time":"2023-08-28T15:10:58+00:00","twitter_card":"summary_large_image","twitter_misc":{"Dur\u00e9e de lecture estim\u00e9e":"1 minute"},"schema":{"@context":"https:\/\/schema.org","@graph":[{"@type":"WebPage","@id":"https:\/\/jch-coutelier.com\/index.php\/londoyant\/","url":"https:\/\/jch-coutelier.com\/index.php\/londoyant\/","name":"L'Ondoyant - Jean-Claude Hajdas","isPartOf":{"@id":"https:\/\/jch-coutelier.com\/#website"},"datePublished":"2023-05-25T11:39:04+00:00","dateModified":"2023-08-28T15:10:58+00:00","breadcrumb":{"@id":"https:\/\/jch-coutelier.com\/index.php\/londoyant\/#breadcrumb"},"inLanguage":"fr-FR","potentialAction":[{"@type":"ReadAction","target":["https:\/\/jch-coutelier.com\/index.php\/londoyant\/"]}]},{"@type":"BreadcrumbList","@id":"https:\/\/jch-coutelier.com\/index.php\/londoyant\/#breadcrumb","itemListElement":[{"@type":"ListItem","position":1,"name":"Accueil","item":"https:\/\/jch-coutelier.com\/"},{"@type":"ListItem","position":2,"name":"L&#8217;Ondoyant"}]},{"@type":"WebSite","@id":"https:\/\/jch-coutelier.com\/#website","url":"https:\/\/jch-coutelier.com\/","name":"Jean-Claude Hajdas","description":"","publisher":{"@id":"https:\/\/jch-coutelier.com\/#organization"},"potentialAction":[{"@type":"SearchAction","target":{"@type":"EntryPoint","urlTemplate":"https:\/\/jch-coutelier.com\/?s={search_term_string}"},"query-input":{"@type":"PropertyValueSpecification","valueRequired":true,"valueName":"search_term_string"}}],"inLanguage":"fr-FR"},{"@type":"Organization","@id":"https:\/\/jch-coutelier.com\/#organization","name":"Jean-Claude Hajdas","url":"https:\/\/jch-coutelier.com\/","logo":{"@type":"ImageObject","inLanguage":"fr-FR","@id":"https:\/\/jch-coutelier.com\/#\/schema\/logo\/image\/","url":"https:\/\/i0.wp.com\/jch-coutelier.com\/wp-content\/uploads\/2023\/05\/cropped-JCH_Metal.png?fit=2997%2C2297&ssl=1","contentUrl":"https:\/\/i0.wp.com\/jch-coutelier.com\/wp-content\/uploads\/2023\/05\/cropped-JCH_Metal.png?fit=2997%2C2297&ssl=1","width":2997,"height":2297,"caption":"Jean-Claude Hajdas"},"image":{"@id":"https:\/\/jch-coutelier.com\/#\/schema\/logo\/image\/"}}]}},"jetpack_sharing_enabled":true,"_links":{"self":[{"href":"https:\/\/jch-coutelier.com\/index.php\/wp-json\/wp\/v2\/pages\/235","targetHints":{"allow":["GET"]}}],"collection":[{"href":"https:\/\/jch-coutelier.com\/index.php\/wp-json\/wp\/v2\/pages"}],"about":[{"href":"https:\/\/jch-coutelier.com\/index.php\/wp-json\/wp\/v2\/types\/page"}],"author":[{"embeddable":true,"href":"https:\/\/jch-coutelier.com\/index.php\/wp-json\/wp\/v2\/users\/2"}],"replies":[{"embeddable":true,"href":"https:\/\/jch-coutelier.com\/index.php\/wp-json\/wp\/v2\/comments?post=235"}],"version-history":[{"count":109,"href":"https:\/\/jch-coutelier.com\/index.php\/wp-json\/wp\/v2\/pages\/235\/revisions"}],"predecessor-version":[{"id":1851,"href":"https:\/\/jch-coutelier.com\/index.php\/wp-json\/wp\/v2\/pages\/235\/revisions\/1851"}],"wp:attachment":[{"href":"https:\/\/jch-coutelier.com\/index.php\/wp-json\/wp\/v2\/media?parent=235"}],"curies":[{"name":"wp","href":"https:\/\/api.w.org\/{rel}","templated":true}]}}