{"id":233,"date":"2023-05-25T13:38:51","date_gmt":"2023-05-25T11:38:51","guid":{"rendered":"https:\/\/jch-coutelier.com\/?page_id=233"},"modified":"2023-08-29T16:15:26","modified_gmt":"2023-08-29T14:15:26","slug":"soleil-levant","status":"publish","type":"page","link":"https:\/\/jch-coutelier.com\/index.php\/soleil-levant\/","title":{"rendered":"Soleil Levant"},"content":{"rendered":"\t\t<div data-elementor-type=\"wp-page\" data-elementor-id=\"233\" class=\"elementor elementor-233\" data-elementor-post-type=\"page\">\n\t\t\t\t\t\t<section class=\"elementor-section elementor-top-section elementor-element elementor-element-d2ddac5 elementor-section-full_width elementor-section-height-min-height elementor-section-height-default elementor-section-items-middle exad-glass-effect-no exad-sticky-section-no\" data-id=\"d2ddac5\" data-element_type=\"section\" data-e-type=\"section\">\n\t\t\t\t\t\t<div class=\"elementor-container elementor-column-gap-wide\">\n\t\t\t\t\t<div class=\"elementor-column elementor-col-100 elementor-top-column elementor-element elementor-element-4933827 exad-glass-effect-no exad-sticky-section-no\" data-id=\"4933827\" data-element_type=\"column\" data-e-type=\"column\">\n\t\t\t<div class=\"elementor-widget-wrap elementor-element-populated\">\n\t\t\t\t\t\t<div class=\"elementor-element elementor-element-c06b75f exad-sticky-section-no exad-glass-effect-no elementor-widget elementor-widget-spacer\" data-id=\"c06b75f\" data-element_type=\"widget\" data-e-type=\"widget\" data-widget_type=\"spacer.default\">\n\t\t\t\t<div class=\"elementor-widget-container\">\n\t\t\t\t\t\t\t<div class=\"elementor-spacer\">\n\t\t\t<div class=\"elementor-spacer-inner\"><\/div>\n\t\t<\/div>\n\t\t\t\t\t\t<\/div>\n\t\t\t\t<\/div>\n\t\t\t\t<div class=\"elementor-element elementor-element-d51581a elementor-widget__width-initial exad-sticky-section-no exad-glass-effect-no elementor-invisible elementor-widget elementor-widget-heading\" data-id=\"d51581a\" data-element_type=\"widget\" data-e-type=\"widget\" data-settings=\"{&quot;_animation&quot;:&quot;fadeIn&quot;}\" data-widget_type=\"heading.default\">\n\t\t\t\t<div class=\"elementor-widget-container\">\n\t\t\t\t\t<h1 class=\"elementor-heading-title elementor-size-default\">Le Soleil Levant <\/h1>\t\t\t\t<\/div>\n\t\t\t\t<\/div>\n\t\t\t\t<div class=\"elementor-element elementor-element-8bf9a42 exad-sticky-section-no exad-glass-effect-no elementor-widget elementor-widget-spacer\" data-id=\"8bf9a42\" data-element_type=\"widget\" data-e-type=\"widget\" data-widget_type=\"spacer.default\">\n\t\t\t\t<div class=\"elementor-widget-container\">\n\t\t\t\t\t\t\t<div class=\"elementor-spacer\">\n\t\t\t<div class=\"elementor-spacer-inner\"><\/div>\n\t\t<\/div>\n\t\t\t\t\t\t<\/div>\n\t\t\t\t<\/div>\n\t\t\t\t<div class=\"elementor-element elementor-element-782588c exad-sticky-section-no exad-glass-effect-no elementor-widget elementor-widget-text-editor\" data-id=\"782588c\" data-element_type=\"widget\" data-e-type=\"widget\" data-widget_type=\"text-editor.default\">\n\t\t\t\t<div class=\"elementor-widget-container\">\n\t\t\t\t\t\t\t\t\t<p><span style=\"font-weight: 400;\">Fortement inspir\u00e9 des lignes japonaises, cette ligne je la voulais la plus simple possible..<\/span><span style=\"font-weight: 400;\"><br \/><\/span><span style=\"font-weight: 400;\">Ce mod\u00e8le sera d\u00e9clin\u00e9 avec bien entendu des tissus historiques d\u2019origine japonaise mais aussi avec des mat\u00e9riaux qui se pr\u00eatent \u00e0 cette ligne tendue, du carbone.<\/span><\/p><p><span style=\"font-weight: 400;\"><br \/><\/span><em><strong>Une autre finition est en cours d\u2019\u00e9laboration, surprise\u2026<\/strong><\/em><\/p><p><span style=\"font-weight: 400;\">La raret\u00e9 des tissus et broderies japonaises dont je dispose en font des mod\u00e8les uniques ou bien des s\u00e9ries limit\u00e9es suivant la quantit\u00e9 de mati\u00e8re disponible.<\/span><\/p><p>\u00a0<\/p>\t\t\t\t\t\t\t\t<\/div>\n\t\t\t\t<\/div>\n\t\t\t\t<div class=\"elementor-element elementor-element-3352cb0 exad-sticky-section-no exad-glass-effect-no elementor-widget elementor-widget-spacer\" data-id=\"3352cb0\" data-element_type=\"widget\" data-e-type=\"widget\" data-widget_type=\"spacer.default\">\n\t\t\t\t<div class=\"elementor-widget-container\">\n\t\t\t\t\t\t\t<div class=\"elementor-spacer\">\n\t\t\t<div class=\"elementor-spacer-inner\"><\/div>\n\t\t<\/div>\n\t\t\t\t\t\t<\/div>\n\t\t\t\t<\/div>\n\t\t\t\t\t<\/div>\n\t\t<\/div>\n\t\t\t\t\t<\/div>\n\t\t<\/section>\n\t\t\t\t<section class=\"elementor-section elementor-top-section elementor-element elementor-element-d5e1a41 elementor-section-full_width elementor-section-height-min-height elementor-section-items-stretch elementor-reverse-tablet elementor-reverse-mobile elementor-section-height-default exad-glass-effect-no exad-sticky-section-no\" data-id=\"d5e1a41\" data-element_type=\"section\" data-e-type=\"section\" id=\"uppage\" data-settings=\"{&quot;background_background&quot;:&quot;classic&quot;}\">\n\t\t\t\t\t\t<div class=\"elementor-container elementor-column-gap-default\">\n\t\t\t\t\t<div class=\"elementor-column elementor-col-100 elementor-top-column elementor-element elementor-element-4bfc2164 exad-glass-effect-no exad-sticky-section-no\" data-id=\"4bfc2164\" data-element_type=\"column\" data-e-type=\"column\" data-settings=\"{&quot;background_background&quot;:&quot;classic&quot;}\">\n\t\t\t<div class=\"elementor-widget-wrap\">\n\t\t\t\t\t\t\t<\/div>\n\t\t<\/div>\n\t\t\t\t\t<\/div>\n\t\t<\/section>\n\t\t\t\t<section class=\"elementor-section elementor-top-section elementor-element elementor-element-56d2573 elementor-section-full_width elementor-section-height-min-height elementor-section-items-stretch elementor-reverse-tablet elementor-reverse-mobile exad-glass-effect-yes elementor-section-height-default exad-sticky-section-no\" data-id=\"56d2573\" data-element_type=\"section\" data-e-type=\"section\">\n\t\t\t\t\t\t<div class=\"elementor-container elementor-column-gap-default\">\n\t\t\t\t\t<div class=\"elementor-column elementor-col-100 elementor-top-column elementor-element elementor-element-21190d7a exad-glass-effect-no exad-sticky-section-no\" data-id=\"21190d7a\" data-element_type=\"column\" data-e-type=\"column\" data-settings=\"{&quot;background_background&quot;:&quot;classic&quot;}\">\n\t\t\t<div class=\"elementor-widget-wrap elementor-element-populated\">\n\t\t\t\t\t\t<div class=\"elementor-element elementor-element-64c9ec96 elementor-absolute exad-sticky-section-no exad-glass-effect-no elementor-widget elementor-widget-menu-anchor\" data-id=\"64c9ec96\" data-element_type=\"widget\" data-e-type=\"widget\" data-settings=\"{&quot;_position&quot;:&quot;absolute&quot;}\" data-widget_type=\"menu-anchor.default\">\n\t\t\t\t<div class=\"elementor-widget-container\">\n\t\t\t\t\t\t\t<div class=\"elementor-menu-anchor\" id=\"down\"><\/div>\n\t\t\t\t\t\t<\/div>\n\t\t\t\t<\/div>\n\t\t\t\t<div class=\"elementor-element elementor-element-36bca645 elementor-cta--skin-cover elementor-cta--valign-middle elementor-animated-content exad-sticky-section-no exad-glass-effect-no elementor-widget elementor-widget-call-to-action\" data-id=\"36bca645\" data-element_type=\"widget\" data-e-type=\"widget\" data-widget_type=\"call-to-action.default\">\n\t\t\t\t<div class=\"elementor-widget-container\">\n\t\t\t\t\t\t\t<div class=\"elementor-cta\">\n\t\t\t\t\t<div class=\"elementor-cta__bg-wrapper\">\n\t\t\t\t<div class=\"elementor-cta__bg elementor-bg\" style=\"background-image: url();\" role=\"img\" aria-label=\"\"><\/div>\n\t\t\t\t<div class=\"elementor-cta__bg-overlay\"><\/div>\n\t\t\t<\/div>\n\t\t\t\t\t\t\t\t<\/div>\n\t\t\t\t\t\t<\/div>\n\t\t\t\t<\/div>\n\t\t\t\t\t<\/div>\n\t\t<\/div>\n\t\t\t\t\t<\/div>\n\t\t<\/section>\n\t\t\t\t<section class=\"elementor-section elementor-top-section elementor-element elementor-element-16b1825d elementor-section-full_width elementor-section-height-min-height elementor-section-items-stretch elementor-reverse-tablet elementor-reverse-mobile elementor-section-height-default exad-glass-effect-no exad-sticky-section-no\" data-id=\"16b1825d\" data-element_type=\"section\" data-e-type=\"section\">\n\t\t\t\t\t\t<div class=\"elementor-container elementor-column-gap-default\">\n\t\t\t\t\t<div class=\"elementor-column elementor-col-100 elementor-top-column elementor-element elementor-element-73343201 exad-glass-effect-no exad-sticky-section-no\" data-id=\"73343201\" data-element_type=\"column\" data-e-type=\"column\" data-settings=\"{&quot;background_background&quot;:&quot;classic&quot;}\">\n\t\t\t<div class=\"elementor-widget-wrap\">\n\t\t\t\t\t\t\t<\/div>\n\t\t<\/div>\n\t\t\t\t\t<\/div>\n\t\t<\/section>\n\t\t\t\t<section class=\"elementor-section elementor-top-section elementor-element elementor-element-1b7385f elementor-section-full_width elementor-section-height-min-height elementor-section-items-stretch elementor-reverse-tablet elementor-reverse-mobile elementor-section-height-default exad-glass-effect-no exad-sticky-section-no\" data-id=\"1b7385f\" data-element_type=\"section\" data-e-type=\"section\">\n\t\t\t\t\t\t<div class=\"elementor-container elementor-column-gap-default\">\n\t\t\t\t\t<div class=\"elementor-column elementor-col-100 elementor-top-column elementor-element elementor-element-5abe3566 exad-glass-effect-no exad-sticky-section-no\" data-id=\"5abe3566\" data-element_type=\"column\" data-e-type=\"column\" data-settings=\"{&quot;background_background&quot;:&quot;classic&quot;}\">\n\t\t\t<div class=\"elementor-widget-wrap elementor-element-populated\">\n\t\t\t\t\t\t<div class=\"elementor-element elementor-element-35fdb150 elementor-cta--skin-cover elementor-cta--valign-middle elementor-animated-content exad-sticky-section-no exad-glass-effect-no elementor-widget elementor-widget-call-to-action\" data-id=\"35fdb150\" data-element_type=\"widget\" data-e-type=\"widget\" data-widget_type=\"call-to-action.default\">\n\t\t\t\t<div class=\"elementor-widget-container\">\n\t\t\t\t\t\t\t<div class=\"elementor-cta\">\n\t\t\t\t\t<div class=\"elementor-cta__bg-wrapper\">\n\t\t\t\t<div class=\"elementor-cta__bg elementor-bg\" style=\"background-image: url();\" role=\"img\" aria-label=\"\"><\/div>\n\t\t\t\t<div class=\"elementor-cta__bg-overlay\"><\/div>\n\t\t\t<\/div>\n\t\t\t\t\t\t\t\t<\/div>\n\t\t\t\t\t\t<\/div>\n\t\t\t\t<\/div>\n\t\t\t\t\t<\/div>\n\t\t<\/div>\n\t\t\t\t\t<\/div>\n\t\t<\/section>\n\t\t\t\t<section class=\"elementor-section elementor-top-section elementor-element elementor-element-601771b elementor-section-boxed elementor-section-height-default elementor-section-height-default exad-glass-effect-no exad-sticky-section-no\" data-id=\"601771b\" data-element_type=\"section\" data-e-type=\"section\">\n\t\t\t\t\t\t<div class=\"elementor-container elementor-column-gap-default\">\n\t\t\t\t\t<div class=\"elementor-column elementor-col-100 elementor-top-column elementor-element elementor-element-ef6c366 exad-glass-effect-no exad-sticky-section-no\" data-id=\"ef6c366\" data-element_type=\"column\" data-e-type=\"column\">\n\t\t\t<div class=\"elementor-widget-wrap elementor-element-populated\">\n\t\t\t\t\t\t<div class=\"elementor-element elementor-element-0847fad exad-sticky-section-no exad-glass-effect-no elementor-widget elementor-widget-spacer\" data-id=\"0847fad\" data-element_type=\"widget\" data-e-type=\"widget\" data-widget_type=\"spacer.default\">\n\t\t\t\t<div class=\"elementor-widget-container\">\n\t\t\t\t\t\t\t<div class=\"elementor-spacer\">\n\t\t\t<div class=\"elementor-spacer-inner\"><\/div>\n\t\t<\/div>\n\t\t\t\t\t\t<\/div>\n\t\t\t\t<\/div>\n\t\t\t\t<div class=\"elementor-element elementor-element-2f067ad elementor-align-center exad-sticky-section-no exad-glass-effect-no elementor-widget elementor-widget-button\" data-id=\"2f067ad\" data-element_type=\"widget\" data-e-type=\"widget\" data-widget_type=\"button.default\">\n\t\t\t\t<div class=\"elementor-widget-container\">\n\t\t\t\t\t\t\t\t\t<div class=\"elementor-button-wrapper\">\n\t\t\t\t\t<a class=\"elementor-button elementor-button-link elementor-size-sm\" href=\"https:\/\/jch-coutelier.com\/index.php\/couteaux-de-cuisine-haut-de-gamme\/\">\n\t\t\t\t\t\t<span class=\"elementor-button-content-wrapper\">\n\t\t\t\t\t\t\t\t\t<span class=\"elementor-button-text\">Retourner \u00e0 la gamme <\/span>\n\t\t\t\t\t<\/span>\n\t\t\t\t\t<\/a>\n\t\t\t\t<\/div>\n\t\t\t\t\t\t\t\t<\/div>\n\t\t\t\t<\/div>\n\t\t\t\t\t<\/div>\n\t\t<\/div>\n\t\t\t\t\t<\/div>\n\t\t<\/section>\n\t\t\t\t<\/div>\n\t\t","protected":false},"excerpt":{"rendered":"<p>Le Soleil Levant Fortement inspir\u00e9 des lignes japonaises, cette ligne je la voulais la plus simple possible..Ce mod\u00e8le sera d\u00e9clin\u00e9 avec bien entendu des tissus historiques d\u2019origine japonaise mais aussi avec des mat\u00e9riaux qui se pr\u00eatent \u00e0 cette ligne tendue, du carbone. Une autre finition est en cours d\u2019\u00e9laboration, surprise\u2026 La raret\u00e9 des tissus et [&hellip;]<\/p>\n","protected":false},"author":2,"featured_media":0,"parent":0,"menu_order":0,"comment_status":"closed","ping_status":"closed","template":"","meta":{"om_disable_all_campaigns":false,"_monsterinsights_skip_tracking":false,"_monsterinsights_sitenote_active":false,"_monsterinsights_sitenote_note":"","_monsterinsights_sitenote_category":0,"_uf_show_specific_survey":0,"_uf_disable_surveys":false,"footnotes":""},"class_list":["post-233","page","type-page","status-publish","hentry"],"yoast_head":"<!-- This site is optimized with the Yoast SEO plugin v27.4 - https:\/\/yoast.com\/product\/yoast-seo-wordpress\/ -->\n<title>Soleil Levant - Jean-Claude Hajdas<\/title>\n<meta name=\"robots\" content=\"index, follow, max-snippet:-1, max-image-preview:large, max-video-preview:-1\" \/>\n<link rel=\"canonical\" href=\"https:\/\/jch-coutelier.com\/index.php\/soleil-levant\/\" \/>\n<meta property=\"og:locale\" content=\"fr_FR\" \/>\n<meta property=\"og:type\" content=\"article\" \/>\n<meta property=\"og:title\" content=\"Soleil Levant - Jean-Claude Hajdas\" \/>\n<meta property=\"og:description\" content=\"Le Soleil Levant Fortement inspir\u00e9 des lignes japonaises, cette ligne je la voulais la plus simple possible..Ce mod\u00e8le sera d\u00e9clin\u00e9 avec bien entendu des tissus historiques d\u2019origine japonaise mais aussi avec des mat\u00e9riaux qui se pr\u00eatent \u00e0 cette ligne tendue, du carbone. Une autre finition est en cours d\u2019\u00e9laboration, surprise\u2026 La raret\u00e9 des tissus et [&hellip;]\" \/>\n<meta property=\"og:url\" content=\"https:\/\/jch-coutelier.com\/index.php\/soleil-levant\/\" \/>\n<meta property=\"og:site_name\" content=\"Jean-Claude Hajdas\" \/>\n<meta property=\"article:modified_time\" content=\"2023-08-29T14:15:26+00:00\" \/>\n<meta name=\"twitter:card\" content=\"summary_large_image\" \/>\n<meta name=\"twitter:label1\" content=\"Dur\u00e9e de lecture estim\u00e9e\" \/>\n\t<meta name=\"twitter:data1\" content=\"1 minute\" \/>\n<script type=\"application\/ld+json\" class=\"yoast-schema-graph\">{\"@context\":\"https:\\\/\\\/schema.org\",\"@graph\":[{\"@type\":\"WebPage\",\"@id\":\"https:\\\/\\\/jch-coutelier.com\\\/index.php\\\/soleil-levant\\\/\",\"url\":\"https:\\\/\\\/jch-coutelier.com\\\/index.php\\\/soleil-levant\\\/\",\"name\":\"Soleil Levant - Jean-Claude Hajdas\",\"isPartOf\":{\"@id\":\"https:\\\/\\\/jch-coutelier.com\\\/#website\"},\"datePublished\":\"2023-05-25T11:38:51+00:00\",\"dateModified\":\"2023-08-29T14:15:26+00:00\",\"breadcrumb\":{\"@id\":\"https:\\\/\\\/jch-coutelier.com\\\/index.php\\\/soleil-levant\\\/#breadcrumb\"},\"inLanguage\":\"fr-FR\",\"potentialAction\":[{\"@type\":\"ReadAction\",\"target\":[\"https:\\\/\\\/jch-coutelier.com\\\/index.php\\\/soleil-levant\\\/\"]}]},{\"@type\":\"BreadcrumbList\",\"@id\":\"https:\\\/\\\/jch-coutelier.com\\\/index.php\\\/soleil-levant\\\/#breadcrumb\",\"itemListElement\":[{\"@type\":\"ListItem\",\"position\":1,\"name\":\"Accueil\",\"item\":\"https:\\\/\\\/jch-coutelier.com\\\/\"},{\"@type\":\"ListItem\",\"position\":2,\"name\":\"Soleil Levant\"}]},{\"@type\":\"WebSite\",\"@id\":\"https:\\\/\\\/jch-coutelier.com\\\/#website\",\"url\":\"https:\\\/\\\/jch-coutelier.com\\\/\",\"name\":\"Jean-Claude Hajdas\",\"description\":\"\",\"publisher\":{\"@id\":\"https:\\\/\\\/jch-coutelier.com\\\/#organization\"},\"potentialAction\":[{\"@type\":\"SearchAction\",\"target\":{\"@type\":\"EntryPoint\",\"urlTemplate\":\"https:\\\/\\\/jch-coutelier.com\\\/?s={search_term_string}\"},\"query-input\":{\"@type\":\"PropertyValueSpecification\",\"valueRequired\":true,\"valueName\":\"search_term_string\"}}],\"inLanguage\":\"fr-FR\"},{\"@type\":\"Organization\",\"@id\":\"https:\\\/\\\/jch-coutelier.com\\\/#organization\",\"name\":\"Jean-Claude Hajdas\",\"url\":\"https:\\\/\\\/jch-coutelier.com\\\/\",\"logo\":{\"@type\":\"ImageObject\",\"inLanguage\":\"fr-FR\",\"@id\":\"https:\\\/\\\/jch-coutelier.com\\\/#\\\/schema\\\/logo\\\/image\\\/\",\"url\":\"https:\\\/\\\/i0.wp.com\\\/jch-coutelier.com\\\/wp-content\\\/uploads\\\/2023\\\/05\\\/cropped-JCH_Metal.png?fit=2997%2C2297&ssl=1\",\"contentUrl\":\"https:\\\/\\\/i0.wp.com\\\/jch-coutelier.com\\\/wp-content\\\/uploads\\\/2023\\\/05\\\/cropped-JCH_Metal.png?fit=2997%2C2297&ssl=1\",\"width\":2997,\"height\":2297,\"caption\":\"Jean-Claude Hajdas\"},\"image\":{\"@id\":\"https:\\\/\\\/jch-coutelier.com\\\/#\\\/schema\\\/logo\\\/image\\\/\"}}]}<\/script>\n<!-- \/ Yoast SEO plugin. -->","yoast_head_json":{"title":"Soleil Levant - Jean-Claude Hajdas","robots":{"index":"index","follow":"follow","max-snippet":"max-snippet:-1","max-image-preview":"max-image-preview:large","max-video-preview":"max-video-preview:-1"},"canonical":"https:\/\/jch-coutelier.com\/index.php\/soleil-levant\/","og_locale":"fr_FR","og_type":"article","og_title":"Soleil Levant - Jean-Claude Hajdas","og_description":"Le Soleil Levant Fortement inspir\u00e9 des lignes japonaises, cette ligne je la voulais la plus simple possible..Ce mod\u00e8le sera d\u00e9clin\u00e9 avec bien entendu des tissus historiques d\u2019origine japonaise mais aussi avec des mat\u00e9riaux qui se pr\u00eatent \u00e0 cette ligne tendue, du carbone. Une autre finition est en cours d\u2019\u00e9laboration, surprise\u2026 La raret\u00e9 des tissus et [&hellip;]","og_url":"https:\/\/jch-coutelier.com\/index.php\/soleil-levant\/","og_site_name":"Jean-Claude Hajdas","article_modified_time":"2023-08-29T14:15:26+00:00","twitter_card":"summary_large_image","twitter_misc":{"Dur\u00e9e de lecture estim\u00e9e":"1 minute"},"schema":{"@context":"https:\/\/schema.org","@graph":[{"@type":"WebPage","@id":"https:\/\/jch-coutelier.com\/index.php\/soleil-levant\/","url":"https:\/\/jch-coutelier.com\/index.php\/soleil-levant\/","name":"Soleil Levant - Jean-Claude Hajdas","isPartOf":{"@id":"https:\/\/jch-coutelier.com\/#website"},"datePublished":"2023-05-25T11:38:51+00:00","dateModified":"2023-08-29T14:15:26+00:00","breadcrumb":{"@id":"https:\/\/jch-coutelier.com\/index.php\/soleil-levant\/#breadcrumb"},"inLanguage":"fr-FR","potentialAction":[{"@type":"ReadAction","target":["https:\/\/jch-coutelier.com\/index.php\/soleil-levant\/"]}]},{"@type":"BreadcrumbList","@id":"https:\/\/jch-coutelier.com\/index.php\/soleil-levant\/#breadcrumb","itemListElement":[{"@type":"ListItem","position":1,"name":"Accueil","item":"https:\/\/jch-coutelier.com\/"},{"@type":"ListItem","position":2,"name":"Soleil Levant"}]},{"@type":"WebSite","@id":"https:\/\/jch-coutelier.com\/#website","url":"https:\/\/jch-coutelier.com\/","name":"Jean-Claude Hajdas","description":"","publisher":{"@id":"https:\/\/jch-coutelier.com\/#organization"},"potentialAction":[{"@type":"SearchAction","target":{"@type":"EntryPoint","urlTemplate":"https:\/\/jch-coutelier.com\/?s={search_term_string}"},"query-input":{"@type":"PropertyValueSpecification","valueRequired":true,"valueName":"search_term_string"}}],"inLanguage":"fr-FR"},{"@type":"Organization","@id":"https:\/\/jch-coutelier.com\/#organization","name":"Jean-Claude Hajdas","url":"https:\/\/jch-coutelier.com\/","logo":{"@type":"ImageObject","inLanguage":"fr-FR","@id":"https:\/\/jch-coutelier.com\/#\/schema\/logo\/image\/","url":"https:\/\/i0.wp.com\/jch-coutelier.com\/wp-content\/uploads\/2023\/05\/cropped-JCH_Metal.png?fit=2997%2C2297&ssl=1","contentUrl":"https:\/\/i0.wp.com\/jch-coutelier.com\/wp-content\/uploads\/2023\/05\/cropped-JCH_Metal.png?fit=2997%2C2297&ssl=1","width":2997,"height":2297,"caption":"Jean-Claude Hajdas"},"image":{"@id":"https:\/\/jch-coutelier.com\/#\/schema\/logo\/image\/"}}]}},"jetpack_sharing_enabled":true,"_links":{"self":[{"href":"https:\/\/jch-coutelier.com\/index.php\/wp-json\/wp\/v2\/pages\/233","targetHints":{"allow":["GET"]}}],"collection":[{"href":"https:\/\/jch-coutelier.com\/index.php\/wp-json\/wp\/v2\/pages"}],"about":[{"href":"https:\/\/jch-coutelier.com\/index.php\/wp-json\/wp\/v2\/types\/page"}],"author":[{"embeddable":true,"href":"https:\/\/jch-coutelier.com\/index.php\/wp-json\/wp\/v2\/users\/2"}],"replies":[{"embeddable":true,"href":"https:\/\/jch-coutelier.com\/index.php\/wp-json\/wp\/v2\/comments?post=233"}],"version-history":[{"count":61,"href":"https:\/\/jch-coutelier.com\/index.php\/wp-json\/wp\/v2\/pages\/233\/revisions"}],"predecessor-version":[{"id":1897,"href":"https:\/\/jch-coutelier.com\/index.php\/wp-json\/wp\/v2\/pages\/233\/revisions\/1897"}],"wp:attachment":[{"href":"https:\/\/jch-coutelier.com\/index.php\/wp-json\/wp\/v2\/media?parent=233"}],"curies":[{"name":"wp","href":"https:\/\/api.w.org\/{rel}","templated":true}]}}