{"id":1430,"date":"2023-06-15T10:18:24","date_gmt":"2023-06-15T08:18:24","guid":{"rendered":"https:\/\/jch-coutelier.com\/?page_id=1430"},"modified":"2024-05-08T09:21:16","modified_gmt":"2024-05-08T07:21:16","slug":"actualites","status":"publish","type":"page","link":"https:\/\/jch-coutelier.com\/index.php\/actualites\/","title":{"rendered":"Actualit\u00e9s"},"content":{"rendered":"\t\t<div data-elementor-type=\"wp-page\" data-elementor-id=\"1430\" class=\"elementor elementor-1430\" data-elementor-post-type=\"page\">\n\t\t\t\t\t\t<section class=\"elementor-section elementor-top-section elementor-element elementor-element-64b37ec elementor-section-boxed elementor-section-height-default elementor-section-height-default exad-glass-effect-no exad-sticky-section-no\" data-id=\"64b37ec\" data-element_type=\"section\" data-e-type=\"section\">\n\t\t\t\t\t\t<div class=\"elementor-container elementor-column-gap-default\">\n\t\t\t\t\t<div class=\"elementor-column elementor-col-100 elementor-top-column elementor-element elementor-element-6102b2e exad-glass-effect-no exad-sticky-section-no\" data-id=\"6102b2e\" data-element_type=\"column\" data-e-type=\"column\">\n\t\t\t<div class=\"elementor-widget-wrap elementor-element-populated\">\n\t\t\t\t\t\t<div class=\"elementor-element elementor-element-d8388a7 exad-sticky-section-no exad-glass-effect-no elementor-widget elementor-widget-spacer\" data-id=\"d8388a7\" data-element_type=\"widget\" data-e-type=\"widget\" data-widget_type=\"spacer.default\">\n\t\t\t\t<div class=\"elementor-widget-container\">\n\t\t\t\t\t\t\t<div class=\"elementor-spacer\">\n\t\t\t<div class=\"elementor-spacer-inner\"><\/div>\n\t\t<\/div>\n\t\t\t\t\t\t<\/div>\n\t\t\t\t<\/div>\n\t\t\t\t<div class=\"elementor-element elementor-element-565819b elementor-widget__width-initial exad-sticky-section-no exad-glass-effect-no elementor-invisible elementor-widget elementor-widget-heading\" data-id=\"565819b\" data-element_type=\"widget\" data-e-type=\"widget\" data-settings=\"{&quot;_animation&quot;:&quot;fadeIn&quot;}\" data-widget_type=\"heading.default\">\n\t\t\t\t<div class=\"elementor-widget-container\">\n\t\t\t\t\t<h1 class=\"elementor-heading-title elementor-size-default\">Mes actualit\u00e9s <\/h1>\t\t\t\t<\/div>\n\t\t\t\t<\/div>\n\t\t\t\t\t<\/div>\n\t\t<\/div>\n\t\t\t\t\t<\/div>\n\t\t<\/section>\n\t\t\t\t<section class=\"elementor-section elementor-top-section elementor-element elementor-element-79ec6e2 elementor-section-boxed elementor-section-height-default elementor-section-height-default exad-glass-effect-no exad-sticky-section-no\" data-id=\"79ec6e2\" data-element_type=\"section\" data-e-type=\"section\">\n\t\t\t\t\t\t<div class=\"elementor-container elementor-column-gap-wide\">\n\t\t\t\t\t<div class=\"elementor-column elementor-col-100 elementor-top-column elementor-element elementor-element-723c978 exad-glass-effect-no exad-sticky-section-no\" data-id=\"723c978\" data-element_type=\"column\" data-e-type=\"column\">\n\t\t\t<div class=\"elementor-widget-wrap elementor-element-populated\">\n\t\t\t\t\t\t<div class=\"elementor-element elementor-element-f3cb684 exad-sticky-section-no exad-glass-effect-no elementor-widget elementor-widget-exad-filterable-post\" data-id=\"f3cb684\" data-element_type=\"widget\" data-e-type=\"widget\" data-widget_type=\"exad-filterable-post.default\">\n\t\t\t\t<div class=\"elementor-widget-container\">\n\t\t\t\t\t\r\n\t\t<div class=\"exad-filterable-items exad-filterable-menu-container-align-top\" id =\"exad-filterable-filterable-id-f3cb684\">\r\n\t\t\t\t\t\t<div class=\"exad-filterable-menu-container\">\r\n\t\t\t\t\t\r\n\t\t<ul class=\"exad-filterable-menu\"  >\r\n\t\t\t<li class=\"filter-item current\"  data-filter=\"*\">\r\n\t\t\t\tTous\t\t\t<\/li>\r\n\t\t\t\t\t\t\t\t<li class=\"filter-item\" data-filter=\".parutions\">\r\n\t\t\t\t\t\tParutions\t\t\t\t\t<\/li>\r\n\t\t\t\t\t\t\r\n\t\t<\/ul>\r\n\t\r\n    \t\t\t<\/div>\r\n\t\t\t\t\t\t<div class=\"exad-filterable-controls\">\r\n\t\t\t\t<div class=\"filterable-post-container exad-row-wrapper exad-col-3\" id=\"filters-f3cb684\">\r\n\t\t\t\t\t\r\n<article class=\"exad-post-grid-three exad-col  exad-filterable-item est-republicain journal parutions\">\r\n    <div class=\"exad-post-grid-container image-position-top exad-post-grid-equal-height- \">\r\n        \t\t\r\n\t\t        <div class=\"exad-post-grid-body\">\r\n                            <ul class=\"exad-post-grid-category cat-posdefault\">\r\n                    <li><a href=\"https:\/\/jch-coutelier.com\/index.php\/category\/parutions\/\">Parutions<\/a><\/li>                <\/ul>\r\n                                <ul class=\"exad-post-data show-avatar-no\">\r\n                                                                            <li class=\"exad-post-date\">\r\n                                <span>\r\n                                    Date :                                     <a href=\"https:\/\/jch-coutelier.com\/index.php\/2023\/06\/15\/parution-dans-lest-republicain\/\" class=\"exad-post-grid-author-date\">15 juin 2023<\/a>\r\n                                <\/span>                          \r\n                            <\/li> \r\n                           \r\n                    <\/ul>\r\n                \t\t\t\t\r\n\t\t\t\t\t\t\t\r\n                    <h3>\r\n\t\t\t\t\t\r\n\t\t\t\t\t\t\t\r\n                        <a href=\"https:\/\/jch-coutelier.com\/index.php\/2023\/06\/15\/parution-dans-lest-republicain\/\" class=\"exad-post-grid-title\">Parution dans l&rsquo;Est R\u00e9publicain<\/a>\r\n\t\t\t\t\r\n\t\t\t\t\t\t\t\t\t\r\n                    <\/h3>\r\n\t\t\t\t\t\r\n\t\t\t\t\t\t\t\t\r\n                                <ul class=\"exad-post-grid-time-comment\">\r\n                                        <li class=\"exad-post-grid-read-time\">1 min read<\/li>\r\n                                        <li>\r\n                        <a class=\"exad-post-grid-comment\" href=\"https:\/\/jch-coutelier.com\/index.php\/2023\/06\/15\/parution-dans-lest-republicain\/#comments\">1 comment<\/a>\r\n                    <\/li>\r\n                                    <\/ul>\r\n                            <div class=\"exad-post-grid-description\">\r\n                    Parution dans le journal l&rsquo;Est R\u00e9publicain J&rsquo;ai l&rsquo;honneur de vous annoncer que j&rsquo;ai r\u00e9cemment eu le privil\u00e8ge de faire une parution dans le prestigieux journal...                <\/div>\r\n                            <div class=\"exad-post-footer\"><a href=\"https:\/\/jch-coutelier.com\/index.php\/2023\/06\/15\/parution-dans-lest-republicain\/\" target=\"_blank\" class=\"read-more\">Lire plus<\/a><\/div>\r\n            \r\n        <\/div>\r\n        \t\t\r\n\t\t\t\t\r\n    <\/div>\r\n<\/article>\r\n\t\t\t\t<\/div>\r\n\t\t\t<\/div>\r\n\t\t<\/div>\r\n    \t\t\t\t\t<\/div>\n\t\t\t\t<\/div>\n\t\t\t\t\t<\/div>\n\t\t<\/div>\n\t\t\t\t\t<\/div>\n\t\t<\/section>\n\t\t\t\t<section class=\"elementor-section elementor-top-section elementor-element elementor-element-cd5d581 elementor-section-boxed elementor-section-height-default elementor-section-height-default exad-glass-effect-no exad-sticky-section-no\" data-id=\"cd5d581\" data-element_type=\"section\" data-e-type=\"section\">\n\t\t\t\t\t\t<div class=\"elementor-container elementor-column-gap-default\">\n\t\t\t\t\t<div class=\"elementor-column elementor-col-100 elementor-top-column elementor-element elementor-element-727fd69 exad-glass-effect-no exad-sticky-section-no\" data-id=\"727fd69\" data-element_type=\"column\" data-e-type=\"column\">\n\t\t\t<div class=\"elementor-widget-wrap elementor-element-populated\">\n\t\t\t\t\t\t<section class=\"elementor-section elementor-inner-section elementor-element elementor-element-8619d36 elementor-section-boxed elementor-section-height-default elementor-section-height-default exad-glass-effect-no exad-sticky-section-no\" data-id=\"8619d36\" data-element_type=\"section\" data-e-type=\"section\">\n\t\t\t\t\t\t<div class=\"elementor-container elementor-column-gap-default\">\n\t\t\t\t\t<div class=\"elementor-column elementor-col-50 elementor-inner-column elementor-element elementor-element-8896129 exad-glass-effect-no exad-sticky-section-no\" data-id=\"8896129\" data-element_type=\"column\" data-e-type=\"column\">\n\t\t\t<div class=\"elementor-widget-wrap elementor-element-populated\">\n\t\t\t\t\t\t<div class=\"elementor-element elementor-element-80123ff exad-sticky-section-no exad-glass-effect-no elementor-widget elementor-widget-heading\" data-id=\"80123ff\" data-element_type=\"widget\" data-e-type=\"widget\" data-widget_type=\"heading.default\">\n\t\t\t\t<div class=\"elementor-widget-container\">\n\t\t\t\t\t<h2 class=\"elementor-heading-title elementor-size-default\">Sorties 2024<\/h2>\t\t\t\t<\/div>\n\t\t\t\t<\/div>\n\t\t\t\t\t<\/div>\n\t\t<\/div>\n\t\t\t\t<div class=\"elementor-column elementor-col-50 elementor-inner-column elementor-element elementor-element-4dde0f5 exad-glass-effect-no exad-sticky-section-no\" data-id=\"4dde0f5\" data-element_type=\"column\" data-e-type=\"column\">\n\t\t\t<div class=\"elementor-widget-wrap\">\n\t\t\t\t\t\t\t<\/div>\n\t\t<\/div>\n\t\t\t\t\t<\/div>\n\t\t<\/section>\n\t\t\t\t\t<\/div>\n\t\t<\/div>\n\t\t\t\t\t<\/div>\n\t\t<\/section>\n\t\t\t\t<\/div>\n\t\t","protected":false},"excerpt":{"rendered":"<p>Mes actualit\u00e9s Tous Parutions Parutions Date : 15 juin 2023 Parution dans l&rsquo;Est R\u00e9publicain 1 min read 1 comment Parution dans le journal l&rsquo;Est R\u00e9publicain J&rsquo;ai l&rsquo;honneur de vous annoncer que j&rsquo;ai r\u00e9cemment eu le privil\u00e8ge de faire une parution dans le prestigieux journal&#8230; Lire plus Sorties 2024<\/p>\n","protected":false},"author":2,"featured_media":0,"parent":0,"menu_order":0,"comment_status":"closed","ping_status":"closed","template":"","meta":{"om_disable_all_campaigns":false,"_monsterinsights_skip_tracking":false,"_monsterinsights_sitenote_active":false,"_monsterinsights_sitenote_note":"","_monsterinsights_sitenote_category":0,"_uf_show_specific_survey":0,"_uf_disable_surveys":false,"footnotes":""},"class_list":["post-1430","page","type-page","status-publish","hentry"],"yoast_head":"<!-- This site is optimized with the Yoast SEO plugin v27.4 - https:\/\/yoast.com\/product\/yoast-seo-wordpress\/ -->\n<title>Actualit\u00e9s - Jean-Claude Hajdas<\/title>\n<meta name=\"robots\" content=\"index, follow, max-snippet:-1, max-image-preview:large, max-video-preview:-1\" \/>\n<link rel=\"canonical\" href=\"https:\/\/jch-coutelier.com\/index.php\/actualites\/\" \/>\n<meta property=\"og:locale\" content=\"fr_FR\" \/>\n<meta property=\"og:type\" content=\"article\" \/>\n<meta property=\"og:title\" content=\"Actualit\u00e9s - Jean-Claude Hajdas\" \/>\n<meta property=\"og:description\" content=\"Mes actualit\u00e9s Tous Parutions Parutions Date : 15 juin 2023 Parution dans l&rsquo;Est R\u00e9publicain 1 min read 1 comment Parution dans le journal l&rsquo;Est R\u00e9publicain J&rsquo;ai l&rsquo;honneur de vous annoncer que j&rsquo;ai r\u00e9cemment eu le privil\u00e8ge de faire une parution dans le prestigieux journal&#8230; Lire plus Sorties 2024\" \/>\n<meta property=\"og:url\" content=\"https:\/\/jch-coutelier.com\/index.php\/actualites\/\" \/>\n<meta property=\"og:site_name\" content=\"Jean-Claude Hajdas\" \/>\n<meta property=\"article:modified_time\" content=\"2024-05-08T07:21:16+00:00\" \/>\n<meta name=\"twitter:card\" content=\"summary_large_image\" \/>\n<meta name=\"twitter:label1\" content=\"Dur\u00e9e de lecture estim\u00e9e\" \/>\n\t<meta name=\"twitter:data1\" content=\"1 minute\" \/>\n<script type=\"application\/ld+json\" class=\"yoast-schema-graph\">{\"@context\":\"https:\\\/\\\/schema.org\",\"@graph\":[{\"@type\":\"WebPage\",\"@id\":\"https:\\\/\\\/jch-coutelier.com\\\/index.php\\\/actualites\\\/\",\"url\":\"https:\\\/\\\/jch-coutelier.com\\\/index.php\\\/actualites\\\/\",\"name\":\"Actualit\u00e9s - Jean-Claude Hajdas\",\"isPartOf\":{\"@id\":\"https:\\\/\\\/jch-coutelier.com\\\/#website\"},\"datePublished\":\"2023-06-15T08:18:24+00:00\",\"dateModified\":\"2024-05-08T07:21:16+00:00\",\"breadcrumb\":{\"@id\":\"https:\\\/\\\/jch-coutelier.com\\\/index.php\\\/actualites\\\/#breadcrumb\"},\"inLanguage\":\"fr-FR\",\"potentialAction\":[{\"@type\":\"ReadAction\",\"target\":[\"https:\\\/\\\/jch-coutelier.com\\\/index.php\\\/actualites\\\/\"]}]},{\"@type\":\"BreadcrumbList\",\"@id\":\"https:\\\/\\\/jch-coutelier.com\\\/index.php\\\/actualites\\\/#breadcrumb\",\"itemListElement\":[{\"@type\":\"ListItem\",\"position\":1,\"name\":\"Accueil\",\"item\":\"https:\\\/\\\/jch-coutelier.com\\\/\"},{\"@type\":\"ListItem\",\"position\":2,\"name\":\"Actualit\u00e9s\"}]},{\"@type\":\"WebSite\",\"@id\":\"https:\\\/\\\/jch-coutelier.com\\\/#website\",\"url\":\"https:\\\/\\\/jch-coutelier.com\\\/\",\"name\":\"Jean-Claude Hajdas\",\"description\":\"\",\"publisher\":{\"@id\":\"https:\\\/\\\/jch-coutelier.com\\\/#organization\"},\"potentialAction\":[{\"@type\":\"SearchAction\",\"target\":{\"@type\":\"EntryPoint\",\"urlTemplate\":\"https:\\\/\\\/jch-coutelier.com\\\/?s={search_term_string}\"},\"query-input\":{\"@type\":\"PropertyValueSpecification\",\"valueRequired\":true,\"valueName\":\"search_term_string\"}}],\"inLanguage\":\"fr-FR\"},{\"@type\":\"Organization\",\"@id\":\"https:\\\/\\\/jch-coutelier.com\\\/#organization\",\"name\":\"Jean-Claude Hajdas\",\"url\":\"https:\\\/\\\/jch-coutelier.com\\\/\",\"logo\":{\"@type\":\"ImageObject\",\"inLanguage\":\"fr-FR\",\"@id\":\"https:\\\/\\\/jch-coutelier.com\\\/#\\\/schema\\\/logo\\\/image\\\/\",\"url\":\"https:\\\/\\\/i0.wp.com\\\/jch-coutelier.com\\\/wp-content\\\/uploads\\\/2023\\\/05\\\/cropped-JCH_Metal.png?fit=2997%2C2297&ssl=1\",\"contentUrl\":\"https:\\\/\\\/i0.wp.com\\\/jch-coutelier.com\\\/wp-content\\\/uploads\\\/2023\\\/05\\\/cropped-JCH_Metal.png?fit=2997%2C2297&ssl=1\",\"width\":2997,\"height\":2297,\"caption\":\"Jean-Claude Hajdas\"},\"image\":{\"@id\":\"https:\\\/\\\/jch-coutelier.com\\\/#\\\/schema\\\/logo\\\/image\\\/\"}}]}<\/script>\n<!-- \/ Yoast SEO plugin. -->","yoast_head_json":{"title":"Actualit\u00e9s - Jean-Claude Hajdas","robots":{"index":"index","follow":"follow","max-snippet":"max-snippet:-1","max-image-preview":"max-image-preview:large","max-video-preview":"max-video-preview:-1"},"canonical":"https:\/\/jch-coutelier.com\/index.php\/actualites\/","og_locale":"fr_FR","og_type":"article","og_title":"Actualit\u00e9s - Jean-Claude Hajdas","og_description":"Mes actualit\u00e9s Tous Parutions Parutions Date : 15 juin 2023 Parution dans l&rsquo;Est R\u00e9publicain 1 min read 1 comment Parution dans le journal l&rsquo;Est R\u00e9publicain J&rsquo;ai l&rsquo;honneur de vous annoncer que j&rsquo;ai r\u00e9cemment eu le privil\u00e8ge de faire une parution dans le prestigieux journal&#8230; Lire plus Sorties 2024","og_url":"https:\/\/jch-coutelier.com\/index.php\/actualites\/","og_site_name":"Jean-Claude Hajdas","article_modified_time":"2024-05-08T07:21:16+00:00","twitter_card":"summary_large_image","twitter_misc":{"Dur\u00e9e de lecture estim\u00e9e":"1 minute"},"schema":{"@context":"https:\/\/schema.org","@graph":[{"@type":"WebPage","@id":"https:\/\/jch-coutelier.com\/index.php\/actualites\/","url":"https:\/\/jch-coutelier.com\/index.php\/actualites\/","name":"Actualit\u00e9s - Jean-Claude Hajdas","isPartOf":{"@id":"https:\/\/jch-coutelier.com\/#website"},"datePublished":"2023-06-15T08:18:24+00:00","dateModified":"2024-05-08T07:21:16+00:00","breadcrumb":{"@id":"https:\/\/jch-coutelier.com\/index.php\/actualites\/#breadcrumb"},"inLanguage":"fr-FR","potentialAction":[{"@type":"ReadAction","target":["https:\/\/jch-coutelier.com\/index.php\/actualites\/"]}]},{"@type":"BreadcrumbList","@id":"https:\/\/jch-coutelier.com\/index.php\/actualites\/#breadcrumb","itemListElement":[{"@type":"ListItem","position":1,"name":"Accueil","item":"https:\/\/jch-coutelier.com\/"},{"@type":"ListItem","position":2,"name":"Actualit\u00e9s"}]},{"@type":"WebSite","@id":"https:\/\/jch-coutelier.com\/#website","url":"https:\/\/jch-coutelier.com\/","name":"Jean-Claude Hajdas","description":"","publisher":{"@id":"https:\/\/jch-coutelier.com\/#organization"},"potentialAction":[{"@type":"SearchAction","target":{"@type":"EntryPoint","urlTemplate":"https:\/\/jch-coutelier.com\/?s={search_term_string}"},"query-input":{"@type":"PropertyValueSpecification","valueRequired":true,"valueName":"search_term_string"}}],"inLanguage":"fr-FR"},{"@type":"Organization","@id":"https:\/\/jch-coutelier.com\/#organization","name":"Jean-Claude Hajdas","url":"https:\/\/jch-coutelier.com\/","logo":{"@type":"ImageObject","inLanguage":"fr-FR","@id":"https:\/\/jch-coutelier.com\/#\/schema\/logo\/image\/","url":"https:\/\/i0.wp.com\/jch-coutelier.com\/wp-content\/uploads\/2023\/05\/cropped-JCH_Metal.png?fit=2997%2C2297&ssl=1","contentUrl":"https:\/\/i0.wp.com\/jch-coutelier.com\/wp-content\/uploads\/2023\/05\/cropped-JCH_Metal.png?fit=2997%2C2297&ssl=1","width":2997,"height":2297,"caption":"Jean-Claude Hajdas"},"image":{"@id":"https:\/\/jch-coutelier.com\/#\/schema\/logo\/image\/"}}]}},"jetpack_sharing_enabled":true,"_links":{"self":[{"href":"https:\/\/jch-coutelier.com\/index.php\/wp-json\/wp\/v2\/pages\/1430","targetHints":{"allow":["GET"]}}],"collection":[{"href":"https:\/\/jch-coutelier.com\/index.php\/wp-json\/wp\/v2\/pages"}],"about":[{"href":"https:\/\/jch-coutelier.com\/index.php\/wp-json\/wp\/v2\/types\/page"}],"author":[{"embeddable":true,"href":"https:\/\/jch-coutelier.com\/index.php\/wp-json\/wp\/v2\/users\/2"}],"replies":[{"embeddable":true,"href":"https:\/\/jch-coutelier.com\/index.php\/wp-json\/wp\/v2\/comments?post=1430"}],"version-history":[{"count":39,"href":"https:\/\/jch-coutelier.com\/index.php\/wp-json\/wp\/v2\/pages\/1430\/revisions"}],"predecessor-version":[{"id":1953,"href":"https:\/\/jch-coutelier.com\/index.php\/wp-json\/wp\/v2\/pages\/1430\/revisions\/1953"}],"wp:attachment":[{"href":"https:\/\/jch-coutelier.com\/index.php\/wp-json\/wp\/v2\/media?parent=1430"}],"curies":[{"name":"wp","href":"https:\/\/api.w.org\/{rel}","templated":true}]}}